{"id":31966,"date":"2024-05-29T16:02:52","date_gmt":"2024-05-29T14:02:52","guid":{"rendered":"https:\/\/sash-a.com\/?page_id=31966"},"modified":"2025-10-23T17:48:55","modified_gmt":"2025-10-23T15:48:55","slug":"cancellation-policy","status":"publish","type":"page","link":"https:\/\/sash-a.com\/fr\/cancellation-policy\/","title":{"rendered":"COMPANY POLICY"},"content":{"rendered":"<div data-elementor-type=\"wp-page\" data-elementor-id=\"31966\" class=\"elementor elementor-31966\" data-elementor-post-type=\"page\">\n\t\t\t\t<div class=\"elementor-element elementor-element-3c272b8 e-flex e-con-boxed e-con e-parent\" data-id=\"3c272b8\" data-element_type=\"container\" data-e-type=\"container\">\n\t\t\t\t\t<div class=\"e-con-inner\">\n\t\t\t\t<div class=\"elementor-element elementor-element-6dd08d2 elementor-widget elementor-widget-heading\" data-id=\"6dd08d2\" data-element_type=\"widget\" data-e-type=\"widget\" data-widget_type=\"heading.default\">\n\t\t\t\t<div class=\"elementor-widget-container\">\n\t\t\t\t\t<h2 class=\"elementor-heading-title elementor-size-default\">COMPANY POLICY<\/h2>\t\t\t\t<\/div>\n\t\t\t\t<\/div>\n\t\t\t\t<div class=\"elementor-element elementor-element-4a58e15 elementor-widget elementor-widget-heading\" data-id=\"4a58e15\" data-element_type=\"widget\" data-e-type=\"widget\" data-widget_type=\"heading.default\">\n\t\t\t\t<div class=\"elementor-widget-container\">\n\t\t\t\t\t<h2 class=\"elementor-heading-title elementor-size-default\">POLITIQUE D'ENTREPRISE<\/h2>\t\t\t\t<\/div>\n\t\t\t\t<\/div>\n\t\t\t\t\t<\/div>\n\t\t\t\t<\/div>\n\t\t<div class=\"elementor-element elementor-element-4a7cd2a e-flex e-con-boxed e-con e-parent\" data-id=\"4a7cd2a\" data-element_type=\"container\" data-e-type=\"container\">\n\t\t\t\t\t<div class=\"e-con-inner\">\n\t\t\t\t<div class=\"elementor-element elementor-element-efec9c5 elementor-widget elementor-widget-text-editor\" data-id=\"efec9c5\" data-element_type=\"widget\" data-e-type=\"widget\" data-widget_type=\"text-editor.default\">\n\t\t\t\t<div class=\"elementor-widget-container\">\n\t\t\t\t\t\t\t\t\t<p style=\"text-align: center;\"><span style=\"text-decoration: underline;\"><em>English<\/em><\/span><br \/><span style=\"text-decoration: underline;\"><em>(Fran\u00e7ais plus bas)<\/em><\/span><\/p>\t\t\t\t\t\t\t\t<\/div>\n\t\t\t\t<\/div>\n\t\t\t\t<div class=\"elementor-element elementor-element-ff53179 elementor-widget elementor-widget-text-editor\" data-id=\"ff53179\" data-element_type=\"widget\" data-e-type=\"widget\" data-widget_type=\"text-editor.default\">\n\t\t\t\t<div class=\"elementor-widget-container\">\n\t\t\t\t\t\t\t\t\t<p style=\"text-align: center;\"><em>Below is an extract of the general terms and conditions that apply to all services provided by SASHA (hereinafter referred to as \u201c<strong>Sasha<\/strong>\u201d) and form an integral part thereof.<\/em><\/p><p style=\"text-align: center;\"><em><span style=\"text-decoration: underline;\">COACHING SERVICES<\/span>:<br \/>The terms and conditions linked to the coaching services are the subject of a separate and specific agreement, the &#8220;Coaching agreement&#8221;.<\/em><\/p><p style=\"text-align: center;\"><em><span style=\"text-decoration: underline;\">PROGRAMS AND PACKAGE DEALS<\/span>:<br \/>The terms and conditions, guidelines and set of rules linked to the programs and the package deals can be found on Thinkific.<\/em><\/p><p style=\"text-align: center;\"><em>In any case, the terms and conditions linked to each service will be provided for you to review and approve before the collaboration begins.\u00a0<\/em><strong><br \/><\/strong><\/p>\t\t\t\t\t\t\t\t<\/div>\n\t\t\t\t<\/div>\n\t\t\t\t<div class=\"elementor-element elementor-element-5c79fbb elementor-widget elementor-widget-text-editor\" data-id=\"5c79fbb\" data-element_type=\"widget\" data-e-type=\"widget\" data-widget_type=\"text-editor.default\">\n\t\t\t\t<div class=\"elementor-widget-container\">\n\t\t\t\t\t\t\t\t\t<h2><span style=\"color: #2948b5;\">Agreement \/ Collaboration\u00a0<\/span><\/h2><p>The collaboration between SASHA and The Client begins once The Client has agreed to the terms and conditions of SASHA (document sent separately by email or made available through the learning platform THINKIFIC &#8211; depending on the selected service) and the price of the selected service is paid in full (or &#8211; if payment in installment for the selected service is available and granted &#8211; once the first installment is paid).<\/p>\t\t\t\t\t\t\t\t<\/div>\n\t\t\t\t<\/div>\n\t\t\t\t<div class=\"elementor-element elementor-element-95c64d5 elementor-widget elementor-widget-text-editor\" data-id=\"95c64d5\" data-element_type=\"widget\" data-e-type=\"widget\" data-widget_type=\"text-editor.default\">\n\t\t\t\t<div class=\"elementor-widget-container\">\n\t\t\t\t\t\t\t\t\t<h2><span style=\"color: #2948b5;\">Payment conditions\u00a0<\/span><\/h2><p><span style=\"text-decoration: underline;\">One-off sessions<\/span>:<br \/>Every one-off session must be paid in cash, or by TWINT, or PayPal or Stripe at the end of the session.<br \/>No deferred payment or invoice will be granted (<em>payment at the end of the session<\/em>).<\/p><p><span style=\"text-decoration: underline;\">For package deals (LIVE) and programs<\/span>:<br \/>The payment it to be made directly via Thinkific before the start of the package deal (live) or the program. If a payment in installment is available and granted for the selected service, the first installment must be paid in order for the package deal (live) or program to start.<\/p>\t\t\t\t\t\t\t\t<\/div>\n\t\t\t\t<\/div>\n\t\t\t\t<div class=\"elementor-element elementor-element-18cf529 elementor-widget elementor-widget-text-editor\" data-id=\"18cf529\" data-element_type=\"widget\" data-e-type=\"widget\" data-widget_type=\"text-editor.default\">\n\t\t\t\t<div class=\"elementor-widget-container\">\n\t\t\t\t\t\t\t\t\t<h2><span style=\"color: #2948b5;\">Cancellation\u00a0<\/span><\/h2><p>Cancellations must be notified at least 24 hours prior to the appointment. Any cancellation with a less than 24 hours\u2019 notice are due and the Session will have to be paid in full. In case of a no-show, the same conditions apply.<\/p>\t\t\t\t\t\t\t\t<\/div>\n\t\t\t\t<\/div>\n\t\t\t\t<div class=\"elementor-element elementor-element-ebe5ffd elementor-widget elementor-widget-text-editor\" data-id=\"ebe5ffd\" data-element_type=\"widget\" data-e-type=\"widget\" data-widget_type=\"text-editor.default\">\n\t\t\t\t<div class=\"elementor-widget-container\">\n\t\t\t\t\t\t\t\t\t<h2><span style=\"color: #2948b5;\">No-refund policy<\/span><\/h2><p>With the exception of the coaching services which includes a variation to this clause (see below), no refund may be claimed by the Client for any performed, unperformed, or canceled session. This clause is not limited in time.<\/p><p><span style=\"text-decoration: underline;\">Coaching Services<\/span>:<br \/>Client agrees to compensate the Coach for all coaching services rendered through and including the effective date of termination of the coaching relationship.<\/p>\t\t\t\t\t\t\t\t<\/div>\n\t\t\t\t<\/div>\n\t\t\t\t<div class=\"elementor-element elementor-element-0c11554 elementor-widget elementor-widget-text-editor\" data-id=\"0c11554\" data-element_type=\"widget\" data-e-type=\"widget\" data-widget_type=\"text-editor.default\">\n\t\t\t\t<div class=\"elementor-widget-container\">\n\t\t\t\t\t\t\t\t\t<h2><span style=\"color: #2948b5;\">Intellectual property<\/span><\/h2><p>All material provided (i.e. documents, texts, audios, videos, assessments) during and outside the coaching sessions, during and outside the programs, package deals and\/or services listed on the present website as well as on the THINKIFIC learning platform, is the exclusive property of SASHA. The documents, texts, audios and videos cannot under any circumstances be copied or distributed without the authorization of SASHA. Only private and personal use of the materials by the Client is authorized.<\/p>\t\t\t\t\t\t\t\t<\/div>\n\t\t\t\t<\/div>\n\t\t\t\t\t<\/div>\n\t\t\t\t<\/div>\n\t\t<div class=\"elementor-element elementor-element-78a1ca2 e-flex e-con-boxed e-con e-parent\" data-id=\"78a1ca2\" data-element_type=\"container\" data-e-type=\"container\">\n\t\t\t\t\t<div class=\"e-con-inner\">\n\t\t\t\t<div class=\"elementor-element elementor-element-1800296 elementor-widget elementor-widget-spacer\" data-id=\"1800296\" data-element_type=\"widget\" data-e-type=\"widget\" data-widget_type=\"spacer.default\">\n\t\t\t\t<div class=\"elementor-widget-container\">\n\t\t\t\t\t\t\t<div class=\"elementor-spacer\">\n\t\t\t<div class=\"elementor-spacer-inner\"><\/div>\n\t\t<\/div>\n\t\t\t\t\t\t<\/div>\n\t\t\t\t<\/div>\n\t\t\t\t\t<\/div>\n\t\t\t\t<\/div>\n\t\t<div class=\"elementor-element elementor-element-93b0158 e-flex e-con-boxed e-con e-parent\" data-id=\"93b0158\" data-element_type=\"container\" data-e-type=\"container\">\n\t\t\t\t\t<div class=\"e-con-inner\">\n\t\t\t\t<div class=\"elementor-element elementor-element-62070cf elementor-widget elementor-widget-text-editor\" data-id=\"62070cf\" data-element_type=\"widget\" data-e-type=\"widget\" data-widget_type=\"text-editor.default\">\n\t\t\t\t<div class=\"elementor-widget-container\">\n\t\t\t\t\t\t\t\t\t<p style=\"text-align: center;\"><span style=\"text-decoration: underline;\"><em>Fran\u00e7ais<\/em><\/span><\/p><p style=\"text-align: center;\"><em>Vous trouverez ci-dessous un extrait des conditions g\u00e9n\u00e9rales applicables \u00e0 tous les services fournis par SASHA (ci-apr\u00e8s d\u00e9nomm\u00e9e \u00ab Sasha \u00bb) et en font partie int\u00e9grante.<\/em><\/p><p style=\"text-align: center;\"><em><span style=\"text-decoration: underline;\">SERVICES DE COACHING<\/span>:<\/em><br \/><em>Les modalit\u00e9s li\u00e9es aux prestations de coaching font l&#8217;objet d&#8217;un accord distinct et sp\u00e9cifique, le \u00ab Contrat de Coaching \u00bb.<\/em><\/p><p style=\"text-align: center;\"><em><span style=\"text-decoration: underline;\">PROGRAMMES ET FORFAITS (PACKAGE DEALS)<\/span> :<\/em><br \/><em>Les termes et conditions, les lignes directrices et l&#8217;ensemble des r\u00e8gles li\u00e9es aux programmes et aux forfaits (package deals) sont disponibles sur Thinkific.<\/em><\/p><p style=\"text-align: center;\"><em>Dans tous les cas, les termes et conditions li\u00e9s \u00e0 chaque service vous seront fournis pour approbation avant le d\u00e9but de la collaboration.<\/em><\/p>\t\t\t\t\t\t\t\t<\/div>\n\t\t\t\t<\/div>\n\t\t\t\t<div class=\"elementor-element elementor-element-be7b5ee elementor-widget elementor-widget-text-editor\" data-id=\"be7b5ee\" data-element_type=\"widget\" data-e-type=\"widget\" data-widget_type=\"text-editor.default\">\n\t\t\t\t<div class=\"elementor-widget-container\">\n\t\t\t\t\t\t\t\t\t<h2><span style=\"color: #2948b5;\">Accord \/ D\u00e9but de la collaboration<\/span><\/h2><p>La collaboration entre SASHA et Le Client d\u00e9bute une fois que le Client a accept\u00e9 les termes et conditions de SASHA (document envoy\u00e9 s\u00e9par\u00e9ment par email ou mis \u00e0 disposition via la plateforme THINKIFIC &#8211; selon la prestation s\u00e9lectionn\u00e9e) et que le prix de la prestation s\u00e9lectionn\u00e9e est pay\u00e9 en totalit\u00e9 (ou &#8211; si le paiement \u00e9chelonn\u00e9 de la prestation s\u00e9lectionn\u00e9e est disponible et accord\u00e9 &#8211; une fois la premi\u00e8re \u00e9ch\u00e9ance pay\u00e9e).<\/p>\t\t\t\t\t\t\t\t<\/div>\n\t\t\t\t<\/div>\n\t\t\t\t<div class=\"elementor-element elementor-element-db7f02b elementor-widget elementor-widget-text-editor\" data-id=\"db7f02b\" data-element_type=\"widget\" data-e-type=\"widget\" data-widget_type=\"text-editor.default\">\n\t\t\t\t<div class=\"elementor-widget-container\">\n\t\t\t\t\t\t\t\t\t<h2><span style=\"color: #2948b5;\">Conditions de paiement<\/span><\/h2><p><span style=\"text-decoration: underline;\">S\u00e9ances uniques<\/span>:<br \/>Chaque s\u00e9ance unique doit \u00eatre pay\u00e9e soit en esp\u00e8ces, ou par TWINT, ou via PayPal ou Stripe \u00e0 la fin de la s\u00e9ance.<\/p><p>Aucun paiement diff\u00e9r\u00e9, ni paiement sur facture ne sera accord\u00e9 (paiement en fin de s\u00e9ance).<\/p><p><span style=\"text-decoration: underline;\">Pour les forfaits (package deals LIVE) et les programmes<\/span>:<br \/>Le paiement est \u00e0 effectuer directement via Thinkific avant le d\u00e9but du forfait (package deal <span style=\"text-decoration: underline;\">sessions<\/span>) ou du programme. Si un paiement \u00e9chelonn\u00e9 est disponible et accord\u00e9 pour la prestation s\u00e9lectionn\u00e9e, le premier versement doit \u00eatre pay\u00e9 pour que le forfait (package deal <span style=\"text-decoration: underline;\">sessions<\/span>) ou le programme d\u00e9bute.<\/p>\t\t\t\t\t\t\t\t<\/div>\n\t\t\t\t<\/div>\n\t\t\t\t<div class=\"elementor-element elementor-element-0bf119f elementor-widget elementor-widget-text-editor\" data-id=\"0bf119f\" data-element_type=\"widget\" data-e-type=\"widget\" data-widget_type=\"text-editor.default\">\n\t\t\t\t<div class=\"elementor-widget-container\">\n\t\t\t\t\t\t\t\t\t<h2><span style=\"color: #2948b5;\">Annulation<\/span><\/h2><p>Toute annulation doit \u00eatre notifi\u00e9e minimum 24 heures avant le d\u00e9but du rendez-vous. Toute annulation intervenant dans un d\u00e9lai inf\u00e9rieur \u00e0 24 heures est d\u00fbe et devra \u00eatre pay\u00e9e en int\u00e9gralit\u00e9. En cas de non-pr\u00e9sentation, les m\u00eames conditions s&#8217;appliquent.<\/p>\t\t\t\t\t\t\t\t<\/div>\n\t\t\t\t<\/div>\n\t\t\t\t<div class=\"elementor-element elementor-element-dbe8781 elementor-widget elementor-widget-text-editor\" data-id=\"dbe8781\" data-element_type=\"widget\" data-e-type=\"widget\" data-widget_type=\"text-editor.default\">\n\t\t\t\t<div class=\"elementor-widget-container\">\n\t\t\t\t\t\t\t\t\t<h2><span style=\"color: #2948b5;\">Politique de non-remboursement<\/span><\/h2><p>A l&#8217;exception du service de coaching qui comprend une variation \u00e0 cette clause (voir ci-apr\u00e8s), aucun remboursement ne pourra \u00eatre r\u00e9clam\u00e9 par Le Client pour toute s\u00e9ance r\u00e9alis\u00e9e, non r\u00e9alis\u00e9e ou annul\u00e9e. Cette clause n&#8217;est pas limit\u00e9e dans le temps.<\/p><p><span style=\"text-decoration: underline;\">Services de coaching<\/span>:<br \/>Le Client s&#8217;engage \u00e0 r\u00e9mun\u00e9rer la Coach pour tous les services de coaching rendus jusqu&#8217;\u00e0 et y compris la date effective de r\u00e9siliation de la relation de Coaching.<\/p>\t\t\t\t\t\t\t\t<\/div>\n\t\t\t\t<\/div>\n\t\t\t\t<div class=\"elementor-element elementor-element-cccb42c elementor-widget elementor-widget-text-editor\" data-id=\"cccb42c\" data-element_type=\"widget\" data-e-type=\"widget\" data-widget_type=\"text-editor.default\">\n\t\t\t\t<div class=\"elementor-widget-container\">\n\t\t\t\t\t\t\t\t\t<h2><span style=\"color: #2948b5;\">Propri\u00e9t\u00e9 intellectuelle<\/span><\/h2><p>L&#8217;ensemble du mat\u00e9riel fourni (soit documents, textes, audios, vid\u00e9os, assessments) pendant et en dehors des s\u00e9ances de coaching, durant et en-dehors des programmes et\/ou des services list\u00e9s sur le pr\u00e9sent site ainsi que sur la plateforme d&#8217;enseignement THINKIFIC, est propri\u00e9t\u00e9 exclusive de SASHA. Les documents, textes, audios et vid\u00e9os ne peuvent en aucun cas \u00eatre copi\u00e9s, distribu\u00e9s sans l&#8217;autorisation de SASHA. Seule l\u2019utilisation priv\u00e9e du mat\u00e9riel par Le Client est autoris\u00e9e.<\/p>\t\t\t\t\t\t\t\t<\/div>\n\t\t\t\t<\/div>\n\t\t\t\t\t<\/div>\n\t\t\t\t<\/div>\n\t\t<div class=\"elementor-element elementor-element-c6afd39 e-flex e-con-boxed e-con e-parent\" data-id=\"c6afd39\" data-element_type=\"container\" data-e-type=\"container\">\n\t\t\t\t\t<div class=\"e-con-inner\">\n\t\t\t\t<div class=\"elementor-element elementor-element-2458a6e elementor-widget elementor-widget-image\" data-id=\"2458a6e\" data-element_type=\"widget\" data-e-type=\"widget\" data-widget_type=\"image.default\">\n\t\t\t\t<div class=\"elementor-widget-container\">\n\t\t\t\t\t\t\t\t\t\t\t\t\t\t\t<img decoding=\"async\" src=\"https:\/\/sash-a.com\/wp-content\/uploads\/2024\/03\/cropped-cropped-cropped-Sash-a-logo-only.png\" title=\"\" alt=\"\" loading=\"lazy\" \/>\t\t\t\t\t\t\t\t\t\t\t\t\t\t\t<\/div>\n\t\t\t\t<\/div>\n\t\t\t\t\t<\/div>\n\t\t\t\t<\/div>\n\t\t<div class=\"elementor-element elementor-element-0507ad7 e-flex e-con-boxed e-con e-parent\" data-id=\"0507ad7\" data-element_type=\"container\" data-e-type=\"container\">\n\t\t\t\t\t<div class=\"e-con-inner\">\n\t\t\t\t<div class=\"elementor-element elementor-element-535f0e9 elementor-widget elementor-widget-image\" data-id=\"535f0e9\" data-element_type=\"widget\" data-e-type=\"widget\" data-widget_type=\"image.default\">\n\t\t\t\t<div class=\"elementor-widget-container\">\n\t\t\t\t\t\t\t\t\t\t\t\t\t\t\t<img decoding=\"async\" width=\"150\" height=\"150\" src=\"https:\/\/sash-a.com\/wp-content\/uploads\/2024\/11\/cropped-cropped-Logo_Sasha_RVB_Couleur-150x150.png\" class=\"attachment-thumbnail size-thumbnail wp-image-42008\" alt=\"\" srcset=\"https:\/\/sash-a.com\/wp-content\/uploads\/2024\/11\/cropped-cropped-Logo_Sasha_RVB_Couleur-150x150.png 150w, https:\/\/sash-a.com\/wp-content\/uploads\/2024\/11\/cropped-cropped-Logo_Sasha_RVB_Couleur-300x300.png 300w, https:\/\/sash-a.com\/wp-content\/uploads\/2024\/11\/cropped-cropped-Logo_Sasha_RVB_Couleur-12x12.png 12w, https:\/\/sash-a.com\/wp-content\/uploads\/2024\/11\/cropped-cropped-Logo_Sasha_RVB_Couleur-100x100.png 100w, https:\/\/sash-a.com\/wp-content\/uploads\/2024\/11\/cropped-cropped-Logo_Sasha_RVB_Couleur.png 512w\" sizes=\"(max-width: 150px) 100vw, 150px\" \/>\t\t\t\t\t\t\t\t\t\t\t\t\t\t\t<\/div>\n\t\t\t\t<\/div>\n\t\t\t\t\t<\/div>\n\t\t\t\t<\/div>\n\t\t\t\t<\/div>","protected":false},"excerpt":{"rendered":"<p>COMPANY POLICY POLITIQUE D&#8217;ENTREPRISE English(Fran\u00e7ais plus bas) Below is an extract of the general terms and conditions that apply to all services provided by SASHA (hereinafter referred to as \u201cSasha\u201d) and form an integral part thereof. COACHING SERVICES:The terms and conditions linked to the coaching services are the subject of a separate and specific agreement, [&hellip;]<\/p>\n","protected":false},"author":1,"featured_media":0,"parent":0,"menu_order":0,"comment_status":"closed","ping_status":"open","template":"","meta":{"_acf_changed":false,"footnotes":""},"class_list":["post-31966","page","type-page","status-publish","hentry"],"acf":[],"yoast_head":"<!-- This site is optimized with the Yoast SEO plugin v27.5 - https:\/\/yoast.com\/product\/yoast-seo-wordpress\/ -->\n<title>COMPANY POLICY - SASHA<\/title>\n<meta name=\"robots\" content=\"index, follow, max-snippet:-1, max-image-preview:large, max-video-preview:-1\" \/>\n<link rel=\"canonical\" href=\"https:\/\/sash-a.com\/fr\/cancellation-policy\/\" \/>\n<meta property=\"og:locale\" content=\"fr_FR\" \/>\n<meta property=\"og:type\" content=\"article\" \/>\n<meta property=\"og:title\" content=\"COMPANY POLICY - SASHA\" \/>\n<meta property=\"og:description\" content=\"COMPANY POLICY POLITIQUE D&#8217;ENTREPRISE English(Fran\u00e7ais plus bas) Below is an extract of the general terms and conditions that apply to all services provided by SASHA (hereinafter referred to as \u201cSasha\u201d) and form an integral part thereof. COACHING SERVICES:The terms and conditions linked to the coaching services are the subject of a separate and specific agreement, [&hellip;]\" \/>\n<meta property=\"og:url\" content=\"https:\/\/sash-a.com\/fr\/cancellation-policy\/\" \/>\n<meta property=\"og:site_name\" content=\"SASHA\" \/>\n<meta property=\"article:modified_time\" content=\"2025-10-23T15:48:55+00:00\" \/>\n<meta property=\"og:image\" content=\"https:\/\/sash-a.com\/wp-content\/uploads\/2024\/03\/cropped-cropped-cropped-Sash-a-logo-only.png\" \/>\n<meta name=\"twitter:card\" content=\"summary_large_image\" \/>\n<meta name=\"twitter:label1\" content=\"Dur\u00e9e de lecture estim\u00e9e\" \/>\n\t<meta name=\"twitter:data1\" content=\"5 minutes\" \/>\n<script type=\"application\/ld+json\" class=\"yoast-schema-graph\">{\"@context\":\"https:\\\/\\\/schema.org\",\"@graph\":[{\"@type\":\"WebPage\",\"@id\":\"https:\\\/\\\/sash-a.com\\\/cancellation-policy\\\/\",\"url\":\"https:\\\/\\\/sash-a.com\\\/cancellation-policy\\\/\",\"name\":\"COMPANY POLICY - SASHA\",\"isPartOf\":{\"@id\":\"https:\\\/\\\/sash-a.com\\\/#website\"},\"primaryImageOfPage\":{\"@id\":\"https:\\\/\\\/sash-a.com\\\/cancellation-policy\\\/#primaryimage\"},\"image\":{\"@id\":\"https:\\\/\\\/sash-a.com\\\/cancellation-policy\\\/#primaryimage\"},\"thumbnailUrl\":\"https:\\\/\\\/sash-a.com\\\/wp-content\\\/uploads\\\/2024\\\/03\\\/cropped-cropped-cropped-Sash-a-logo-only.png\",\"datePublished\":\"2024-05-29T14:02:52+00:00\",\"dateModified\":\"2025-10-23T15:48:55+00:00\",\"breadcrumb\":{\"@id\":\"https:\\\/\\\/sash-a.com\\\/cancellation-policy\\\/#breadcrumb\"},\"inLanguage\":\"fr-FR\",\"potentialAction\":[{\"@type\":\"ReadAction\",\"target\":[\"https:\\\/\\\/sash-a.com\\\/cancellation-policy\\\/\"]}]},{\"@type\":\"ImageObject\",\"inLanguage\":\"fr-FR\",\"@id\":\"https:\\\/\\\/sash-a.com\\\/cancellation-policy\\\/#primaryimage\",\"url\":\"https:\\\/\\\/sash-a.com\\\/wp-content\\\/uploads\\\/2024\\\/03\\\/cropped-cropped-cropped-Sash-a-logo-only.png\",\"contentUrl\":\"https:\\\/\\\/sash-a.com\\\/wp-content\\\/uploads\\\/2024\\\/03\\\/cropped-cropped-cropped-Sash-a-logo-only.png\"},{\"@type\":\"BreadcrumbList\",\"@id\":\"https:\\\/\\\/sash-a.com\\\/cancellation-policy\\\/#breadcrumb\",\"itemListElement\":[{\"@type\":\"ListItem\",\"position\":1,\"name\":\"Home\",\"item\":\"https:\\\/\\\/sash-a.com\\\/\"},{\"@type\":\"ListItem\",\"position\":2,\"name\":\"COMPANY POLICY\"}]},{\"@type\":\"WebSite\",\"@id\":\"https:\\\/\\\/sash-a.com\\\/#website\",\"url\":\"https:\\\/\\\/sash-a.com\\\/\",\"name\":\"SASHA\",\"description\":\"\",\"publisher\":{\"@id\":\"https:\\\/\\\/sash-a.com\\\/#organization\"},\"potentialAction\":[{\"@type\":\"SearchAction\",\"target\":{\"@type\":\"EntryPoint\",\"urlTemplate\":\"https:\\\/\\\/sash-a.com\\\/?s={search_term_string}\"},\"query-input\":{\"@type\":\"PropertyValueSpecification\",\"valueRequired\":true,\"valueName\":\"search_term_string\"}}],\"inLanguage\":\"fr-FR\"},{\"@type\":\"Organization\",\"@id\":\"https:\\\/\\\/sash-a.com\\\/#organization\",\"name\":\"SASHA\",\"url\":\"https:\\\/\\\/sash-a.com\\\/\",\"logo\":{\"@type\":\"ImageObject\",\"inLanguage\":\"fr-FR\",\"@id\":\"https:\\\/\\\/sash-a.com\\\/#\\\/schema\\\/logo\\\/image\\\/\",\"url\":\"https:\\\/\\\/sash-a.com\\\/wp-content\\\/uploads\\\/2024\\\/11\\\/cropped-cropped-Symbole_Sasha_RVB_OR-1.png\",\"contentUrl\":\"https:\\\/\\\/sash-a.com\\\/wp-content\\\/uploads\\\/2024\\\/11\\\/cropped-cropped-Symbole_Sasha_RVB_OR-1.png\",\"width\":512,\"height\":432,\"caption\":\"SASHA\"},\"image\":{\"@id\":\"https:\\\/\\\/sash-a.com\\\/#\\\/schema\\\/logo\\\/image\\\/\"}}]}<\/script>\n<!-- \/ Yoast SEO plugin. -->","yoast_head_json":{"title":"COMPANY POLICY - SASHA","robots":{"index":"index","follow":"follow","max-snippet":"max-snippet:-1","max-image-preview":"max-image-preview:large","max-video-preview":"max-video-preview:-1"},"canonical":"https:\/\/sash-a.com\/fr\/cancellation-policy\/","og_locale":"fr_FR","og_type":"article","og_title":"COMPANY POLICY - SASHA","og_description":"COMPANY POLICY POLITIQUE D&#8217;ENTREPRISE English(Fran\u00e7ais plus bas) Below is an extract of the general terms and conditions that apply to all services provided by SASHA (hereinafter referred to as \u201cSasha\u201d) and form an integral part thereof. COACHING SERVICES:The terms and conditions linked to the coaching services are the subject of a separate and specific agreement, [&hellip;]","og_url":"https:\/\/sash-a.com\/fr\/cancellation-policy\/","og_site_name":"SASHA","article_modified_time":"2025-10-23T15:48:55+00:00","og_image":[{"url":"https:\/\/sash-a.com\/wp-content\/uploads\/2024\/03\/cropped-cropped-cropped-Sash-a-logo-only.png","type":"","width":"","height":""}],"twitter_card":"summary_large_image","twitter_misc":{"Dur\u00e9e de lecture estim\u00e9e":"5 minutes"},"schema":{"@context":"https:\/\/schema.org","@graph":[{"@type":"WebPage","@id":"https:\/\/sash-a.com\/cancellation-policy\/","url":"https:\/\/sash-a.com\/cancellation-policy\/","name":"COMPANY POLICY - SASHA","isPartOf":{"@id":"https:\/\/sash-a.com\/#website"},"primaryImageOfPage":{"@id":"https:\/\/sash-a.com\/cancellation-policy\/#primaryimage"},"image":{"@id":"https:\/\/sash-a.com\/cancellation-policy\/#primaryimage"},"thumbnailUrl":"https:\/\/sash-a.com\/wp-content\/uploads\/2024\/03\/cropped-cropped-cropped-Sash-a-logo-only.png","datePublished":"2024-05-29T14:02:52+00:00","dateModified":"2025-10-23T15:48:55+00:00","breadcrumb":{"@id":"https:\/\/sash-a.com\/cancellation-policy\/#breadcrumb"},"inLanguage":"fr-FR","potentialAction":[{"@type":"ReadAction","target":["https:\/\/sash-a.com\/cancellation-policy\/"]}]},{"@type":"ImageObject","inLanguage":"fr-FR","@id":"https:\/\/sash-a.com\/cancellation-policy\/#primaryimage","url":"https:\/\/sash-a.com\/wp-content\/uploads\/2024\/03\/cropped-cropped-cropped-Sash-a-logo-only.png","contentUrl":"https:\/\/sash-a.com\/wp-content\/uploads\/2024\/03\/cropped-cropped-cropped-Sash-a-logo-only.png"},{"@type":"BreadcrumbList","@id":"https:\/\/sash-a.com\/cancellation-policy\/#breadcrumb","itemListElement":[{"@type":"ListItem","position":1,"name":"Home","item":"https:\/\/sash-a.com\/"},{"@type":"ListItem","position":2,"name":"COMPANY POLICY"}]},{"@type":"WebSite","@id":"https:\/\/sash-a.com\/#website","url":"https:\/\/sash-a.com\/","name":"SASHA","description":"","publisher":{"@id":"https:\/\/sash-a.com\/#organization"},"potentialAction":[{"@type":"SearchAction","target":{"@type":"EntryPoint","urlTemplate":"https:\/\/sash-a.com\/?s={search_term_string}"},"query-input":{"@type":"PropertyValueSpecification","valueRequired":true,"valueName":"search_term_string"}}],"inLanguage":"fr-FR"},{"@type":"Organization","@id":"https:\/\/sash-a.com\/#organization","name":"SASHA","url":"https:\/\/sash-a.com\/","logo":{"@type":"ImageObject","inLanguage":"fr-FR","@id":"https:\/\/sash-a.com\/#\/schema\/logo\/image\/","url":"https:\/\/sash-a.com\/wp-content\/uploads\/2024\/11\/cropped-cropped-Symbole_Sasha_RVB_OR-1.png","contentUrl":"https:\/\/sash-a.com\/wp-content\/uploads\/2024\/11\/cropped-cropped-Symbole_Sasha_RVB_OR-1.png","width":512,"height":432,"caption":"SASHA"},"image":{"@id":"https:\/\/sash-a.com\/#\/schema\/logo\/image\/"}}]}},"featured_media_urls":[],"_links":{"self":[{"href":"https:\/\/sash-a.com\/fr\/wp-json\/wp\/v2\/pages\/31966","targetHints":{"allow":["GET"]}}],"collection":[{"href":"https:\/\/sash-a.com\/fr\/wp-json\/wp\/v2\/pages"}],"about":[{"href":"https:\/\/sash-a.com\/fr\/wp-json\/wp\/v2\/types\/page"}],"author":[{"embeddable":true,"href":"https:\/\/sash-a.com\/fr\/wp-json\/wp\/v2\/users\/1"}],"replies":[{"embeddable":true,"href":"https:\/\/sash-a.com\/fr\/wp-json\/wp\/v2\/comments?post=31966"}],"version-history":[{"count":125,"href":"https:\/\/sash-a.com\/fr\/wp-json\/wp\/v2\/pages\/31966\/revisions"}],"predecessor-version":[{"id":43662,"href":"https:\/\/sash-a.com\/fr\/wp-json\/wp\/v2\/pages\/31966\/revisions\/43662"}],"wp:attachment":[{"href":"https:\/\/sash-a.com\/fr\/wp-json\/wp\/v2\/media?parent=31966"}],"curies":[{"name":"wp","href":"https:\/\/api.w.org\/{rel}","templated":true}]}}